{"id":2290,"date":"2023-03-25T17:09:55","date_gmt":"2023-03-25T16:09:55","guid":{"rendered":"https:\/\/franicwinery.com\/rezervirajte-sada\/"},"modified":"2025-07-21T19:44:48","modified_gmt":"2025-07-21T17:44:48","slug":"rezervacije","status":"publish","type":"page","link":"https:\/\/franicwinery.com\/hr\/rezervacije\/","title":{"rendered":"Rezervirajte sada"},"content":{"rendered":"\t\t<div data-elementor-type=\"wp-page\" data-elementor-id=\"2290\" class=\"elementor elementor-2290 elementor-501\" data-elementor-post-type=\"page\">\n\t\t\t\t<div class=\"elementor-element elementor-element-98af4cb e-con-full e-flex e-con e-parent\" data-id=\"98af4cb\" data-element_type=\"container\" data-e-type=\"container\" id=\"book_now\">\n\t\t<div class=\"elementor-element elementor-element-dc8dae2 e-con-full e-flex e-con e-child\" data-id=\"dc8dae2\" data-element_type=\"container\" data-e-type=\"container\">\n\t\t\t\t<div class=\"elementor-element elementor-element-9d0e8dd elementor-invisible elementor-widget elementor-widget-heading\" data-id=\"9d0e8dd\" data-element_type=\"widget\" data-e-type=\"widget\" data-settings=\"{&quot;_animation&quot;:&quot;fadeIn&quot;,&quot;_animation_delay&quot;:400}\" data-widget_type=\"heading.default\">\n\t\t\t\t<div class=\"elementor-widget-container\">\n\t\t\t\t\t<h1 class=\"elementor-heading-title elementor-size-default\">Rezervirajte sada<\/h1>\t\t\t\t<\/div>\n\t\t\t\t<\/div>\n\t\t\t\t<div class=\"elementor-element elementor-element-6d2a6f0 elementor-widget elementor-widget-text-editor\" data-id=\"6d2a6f0\" data-element_type=\"widget\" data-e-type=\"widget\" data-widget_type=\"text-editor.default\">\n\t\t\t\t<div class=\"elementor-widget-container\">\n\t\t\t\t\t\t\t\t\t<p>Ovdje mo\u017eete rezervirati gurmanski do\u017eivljaj i\/ili naru\u010diti vino.<\/p><p>Kontaktirat \u0107emo Vas u najkra\u0107em mogu\u0107em roku.<\/p>\t\t\t\t\t\t\t\t<\/div>\n\t\t\t\t<\/div>\n\t\t\t\t<div class=\"elementor-element elementor-element-d1e0c59 elementor-invisible elementor-widget elementor-widget-text-editor\" data-id=\"d1e0c59\" data-element_type=\"widget\" data-e-type=\"widget\" data-settings=\"{&quot;_animation&quot;:&quot;fadeIn&quot;,&quot;_animation_delay&quot;:600}\" data-widget_type=\"text-editor.default\">\n\t\t\t\t<div class=\"elementor-widget-container\">\n\t\t\t\t\t\t\t\t\t<p><strong>Adresa:<\/strong> Vina 7, 21276 Vrgorac, Hrvatska<\/p><p><strong>Telefon:<\/strong> +385 99 1978 924<\/p>\t\t\t\t\t\t\t\t<\/div>\n\t\t\t\t<\/div>\n\t\t<div class=\"elementor-element elementor-element-7afbbd9 e-con-full e-flex e-con e-child\" data-id=\"7afbbd9\" data-element_type=\"container\" data-e-type=\"container\" data-settings=\"{&quot;background_background&quot;:&quot;classic&quot;,&quot;background_motion_fx_motion_fx_scrolling&quot;:&quot;yes&quot;,&quot;background_motion_fx_devices&quot;:[&quot;desktop&quot;,&quot;tablet&quot;,&quot;mobile&quot;]}\">\n\t\t\t\t<div class=\"elementor-element elementor-element-4fd0965 elementor-button-align-center elementor-widget elementor-widget-form\" data-id=\"4fd0965\" data-element_type=\"widget\" data-e-type=\"widget\" data-settings=\"{&quot;step_next_label&quot;:&quot;Sljede\\u0107i&quot;,&quot;step_previous_label&quot;:&quot;Prethodno&quot;,&quot;button_width&quot;:&quot;100&quot;,&quot;step_type&quot;:&quot;number_text&quot;,&quot;step_icon_shape&quot;:&quot;circle&quot;}\" data-widget_type=\"form.default\">\n\t\t\t\t<div class=\"elementor-widget-container\">\n\t\t\t\t\t\t\t<form class=\"elementor-form\" method=\"post\" name=\"E-mail\" aria-label=\"E-mail\">\n\t\t\t<input type=\"hidden\" name=\"post_id\" value=\"2290\"\/>\n\t\t\t<input type=\"hidden\" name=\"form_id\" value=\"4fd0965\"\/>\n\t\t\t<input type=\"hidden\" name=\"referer_title\" value=\"Winery Frani\u0107\" \/>\n\n\t\t\t\n\t\t\t<div class=\"elementor-form-fields-wrapper elementor-labels-above\">\n\t\t\t\t\t\t\t\t<div class=\"elementor-field-type-text elementor-field-group elementor-column elementor-field-group-field_ae9521e elementor-col-50 elementor-field-required elementor-mark-required\">\n\t\t\t\t\t\t\t\t\t\t\t\t<label for=\"form-field-field_ae9521e\" class=\"elementor-field-label\">\n\t\t\t\t\t\t\t\tPuno ime\t\t\t\t\t\t\t<\/label>\n\t\t\t\t\t\t\t\t\t\t\t\t\t\t<input size=\"1\" type=\"text\" name=\"form_fields[field_ae9521e]\" id=\"form-field-field_ae9521e\" class=\"elementor-field elementor-size-md  elementor-field-textual\" required=\"required\">\n\t\t\t\t\t\t\t\t\t\t\t<\/div>\n\t\t\t\t\t\t\t\t<div class=\"elementor-field-type-tel elementor-field-group elementor-column elementor-field-group-field_765c17c elementor-col-50\">\n\t\t\t\t\t\t\t\t\t\t\t\t<label for=\"form-field-field_765c17c\" class=\"elementor-field-label\">\n\t\t\t\t\t\t\t\tTelefon\t\t\t\t\t\t\t<\/label>\n\t\t\t\t\t\t\t\t<input size=\"1\" type=\"tel\" name=\"form_fields[field_765c17c]\" id=\"form-field-field_765c17c\" class=\"elementor-field elementor-size-md  elementor-field-textual\" pattern=\"[0-9()#&amp;+*-=.]+\" title=\"Only numbers and phone characters (#, -, *, etc) are accepted.\">\n\n\t\t\t\t\t\t<\/div>\n\t\t\t\t\t\t\t\t<div class=\"elementor-field-type-email elementor-field-group elementor-column elementor-field-group-email_form elementor-col-50 elementor-md-30\">\n\t\t\t\t\t\t\t\t\t\t\t\t<label for=\"form-field-email_form\" class=\"elementor-field-label\">\n\t\t\t\t\t\t\t\tE-mail\t\t\t\t\t\t\t<\/label>\n\t\t\t\t\t\t\t\t\t\t\t\t\t\t<input size=\"1\" type=\"email\" name=\"form_fields[email_form]\" id=\"form-field-email_form\" class=\"elementor-field elementor-size-md  elementor-field-textual\">\n\t\t\t\t\t\t\t\t\t\t\t<\/div>\n\t\t\t\t\t\t\t\t<div class=\"elementor-field-type-radio elementor-field-group elementor-column elementor-field-group-service_selection elementor-col-30 elementor-md-50 elementor-field-required elementor-mark-required\">\n\t\t\t\t\t\t\t\t\t\t\t\t<label for=\"form-field-service_selection\" class=\"elementor-field-label\">\n\t\t\t\t\t\t\t\tOdaberite uslugu\t\t\t\t\t\t\t<\/label>\n\t\t\t\t\t\t<div class=\"elementor-field-subgroup  \"><span class=\"elementor-field-option\"><input type=\"radio\" value=\"Vino i ve\u010dera u podrumu\" id=\"form-field-service_selection-0\" name=\"form_fields[service_selection]\" required=\"required\"> <label for=\"form-field-service_selection-0\">Vino i ve\u010dera u podrumu<\/label><\/span><span class=\"elementor-field-option\"><input type=\"radio\" value=\" Gurmanski restoran u Vineyardu\" id=\"form-field-service_selection-1\" name=\"form_fields[service_selection]\" required=\"required\"> <label for=\"form-field-service_selection-1\"> Gurmanski restoran u Vineyardu<\/label><\/span><span class=\"elementor-field-option\"><input type=\"radio\" value=\" Kajak na Ba\u0107inskim jezerima\" id=\"form-field-service_selection-2\" name=\"form_fields[service_selection]\" required=\"required\"> <label for=\"form-field-service_selection-2\"> Kajak na Ba\u0107inskim jezerima<\/label><\/span><span class=\"elementor-field-option\"><input type=\"radio\" value=\" Ve\u010der vina i vinila\" id=\"form-field-service_selection-3\" name=\"form_fields[service_selection]\" required=\"required\"> <label for=\"form-field-service_selection-3\"> Ve\u010der vina i vinila<\/label><\/span><\/div>\t\t\t\t<\/div>\n\t\t\t\t\t\t\t\t<div class=\"elementor-field-type-radio elementor-field-group elementor-column elementor-field-group-order_wine elementor-col-50\">\n\t\t\t\t\t\t\t\t\t\t\t\t<label for=\"form-field-order_wine\" class=\"elementor-field-label\">\n\t\t\t\t\t\t\t\tNaru\u010dite vina\t\t\t\t\t\t\t<\/label>\n\t\t\t\t\t\t<div class=\"elementor-field-subgroup  \"><span class=\"elementor-field-option\"><input type=\"radio\" value=\"Pastuh Krystal 2020 (13 EUR)\" id=\"form-field-order_wine-0\" name=\"form_fields[order_wine]\"> <label for=\"form-field-order_wine-0\">Pastuh Krystal 2020 (13 EUR)<\/label><\/span><span class=\"elementor-field-option\"><input type=\"radio\" value=\" Rukatac 2024 (7 EUR)\" id=\"form-field-order_wine-1\" name=\"form_fields[order_wine]\"> <label for=\"form-field-order_wine-1\"> Rukatac 2024 (7 EUR)<\/label><\/span><span class=\"elementor-field-option\"><input type=\"radio\" value=\" Zlatarica 2024 (7 EUR)\" id=\"form-field-order_wine-2\" name=\"form_fields[order_wine]\"> <label for=\"form-field-order_wine-2\"> Zlatarica 2024 (7 EUR)<\/label><\/span><span class=\"elementor-field-option\"><input type=\"radio\" value=\" Ru\u017ea 2024 (7 EUR)\" id=\"form-field-order_wine-3\" name=\"form_fields[order_wine]\"> <label for=\"form-field-order_wine-3\"> Ru\u017ea 2024 (7 EUR)<\/label><\/span><\/div>\t\t\t\t<\/div>\n\t\t\t\t\t\t\t\t<div class=\"elementor-field-type-date elementor-field-group elementor-column elementor-field-group-field_d6637c7 elementor-col-50 elementor-field-required elementor-mark-required\">\n\t\t\t\t\t\t\t\t\t\t\t\t<label for=\"form-field-field_d6637c7\" class=\"elementor-field-label\">\n\t\t\t\t\t\t\t\tDatum rezervacije\t\t\t\t\t\t\t<\/label>\n\t\t\t\t\t\t\n\t\t<input type=\"date\" name=\"form_fields[field_d6637c7]\" id=\"form-field-field_d6637c7\" class=\"elementor-field elementor-size-md  elementor-field-textual elementor-date-field elementor-use-native\" value=\"4 travnja, 2026 13:27\" required=\"required\" pattern=\"[0-9]{4}-[0-9]{2}-[0-9]{2}\" min=\"2025-07-20\" max=\"2026-12-31\">\n\t\t\t\t\t\t<\/div>\n\t\t\t\t\t\t\t\t<div class=\"elementor-field-type-time elementor-field-group elementor-column elementor-field-group-booking_time elementor-col-30 elementor-field-required elementor-mark-required\">\n\t\t\t\t\t\t\t\t\t\t\t\t<label for=\"form-field-booking_time\" class=\"elementor-field-label\">\n\t\t\t\t\t\t\t\tVrijeme rezervacije\t\t\t\t\t\t\t<\/label>\n\t\t\t\t\t\t\t\t<input type=\"time\" name=\"form_fields[booking_time]\" id=\"form-field-booking_time\" class=\"elementor-field elementor-size-md  elementor-field-textual elementor-time-field elementor-use-native\" placeholder=\"Vrijeme\" value=\"04\/04\/2026 13:27\" required=\"required\">\n\t\t\t\t\t\t<\/div>\n\t\t\t\t\t\t\t\t<div class=\"elementor-field-type-select elementor-field-group elementor-column elementor-field-group-field_afb46d9 elementor-col-30 elementor-md-30\">\n\t\t\t\t\t\t\t\t\t\t\t\t<label for=\"form-field-field_afb46d9\" class=\"elementor-field-label\">\n\t\t\t\t\t\t\t\tPostavke\t\t\t\t\t\t\t<\/label>\n\t\t\t\t\t\t\t\t<div class=\"elementor-field elementor-select-wrapper remove-before \">\n\t\t\t<div class=\"select-caret-down-wrapper\">\n\t\t\t\t<i aria-hidden=\"true\" class=\"eicon-caret-down\"><\/i>\t\t\t<\/div>\n\t\t\t<select name=\"form_fields[field_afb46d9]\" id=\"form-field-field_afb46d9\" class=\"elementor-field-textual elementor-size-md\">\n\t\t\t\t\t\t\t\t\t<option value=\"Vegetarijanac\">Vegetarijanac<\/option>\n\t\t\t\t\t\t\t\t\t<option value=\" Nevegetarijanska\"> Nevegetarijanska<\/option>\n\t\t\t\t\t\t\t<\/select>\n\t\t<\/div>\n\t\t\t\t\t\t<\/div>\n\t\t\t\t\t\t\t\t<div class=\"elementor-field-type-select elementor-field-group elementor-column elementor-field-group-visitor_number elementor-col-30 elementor-sm-50\">\n\t\t\t\t\t\t\t\t\t\t\t\t<label for=\"form-field-visitor_number\" class=\"elementor-field-label\">\n\t\t\t\t\t\t\t\tBroj posjetitelja\t\t\t\t\t\t\t<\/label>\n\t\t\t\t\t\t\t\t<div class=\"elementor-field elementor-select-wrapper remove-before \">\n\t\t\t<div class=\"select-caret-down-wrapper\">\n\t\t\t\t<i aria-hidden=\"true\" class=\"eicon-caret-down\"><\/i>\t\t\t<\/div>\n\t\t\t<select name=\"form_fields[visitor_number]\" id=\"form-field-visitor_number\" class=\"elementor-field-textual elementor-size-md\">\n\t\t\t\t\t\t\t\t\t<option value=\"1\">1<\/option>\n\t\t\t\t\t\t\t\t\t<option value=\"2\">2<\/option>\n\t\t\t\t\t\t\t\t\t<option value=\"3\">3<\/option>\n\t\t\t\t\t\t\t\t\t<option value=\"4\">4<\/option>\n\t\t\t\t\t\t\t\t\t<option value=\"5\">5<\/option>\n\t\t\t\t\t\t\t\t\t<option value=\"6\">6<\/option>\n\t\t\t\t\t\t\t\t\t<option value=\"7\">7<\/option>\n\t\t\t\t\t\t\t\t\t<option value=\"8\">8<\/option>\n\t\t\t\t\t\t\t\t\t<option value=\"9\">9<\/option>\n\t\t\t\t\t\t\t\t\t<option value=\"10\">10<\/option>\n\t\t\t\t\t\t\t\t\t<option value=\"11\">11<\/option>\n\t\t\t\t\t\t\t\t\t<option value=\"12\">12<\/option>\n\t\t\t\t\t\t\t\t\t<option value=\"13\">13<\/option>\n\t\t\t\t\t\t\t\t\t<option value=\"14\">14<\/option>\n\t\t\t\t\t\t\t\t\t<option value=\"15\">15<\/option>\n\t\t\t\t\t\t\t\t\t<option value=\"16\">16<\/option>\n\t\t\t\t\t\t\t\t\t<option value=\"17\">17<\/option>\n\t\t\t\t\t\t\t\t\t<option value=\"18\">18<\/option>\n\t\t\t\t\t\t\t\t\t<option value=\"19\">19<\/option>\n\t\t\t\t\t\t\t\t\t<option value=\"20\">20<\/option>\n\t\t\t\t\t\t\t\t\t<option value=\"21\">21<\/option>\n\t\t\t\t\t\t\t\t\t<option value=\"22\">22<\/option>\n\t\t\t\t\t\t\t<\/select>\n\t\t<\/div>\n\t\t\t\t\t\t<\/div>\n\t\t\t\t\t\t\t\t<div class=\"elementor-field-type-textarea elementor-field-group elementor-column elementor-field-group-email elementor-col-100 elementor-md-100 elementor-field-required elementor-mark-required\">\n\t\t\t\t\t\t\t\t\t\t\t\t<label for=\"form-field-email\" class=\"elementor-field-label\">\n\t\t\t\t\t\t\t\tVi\u0161e informacija\t\t\t\t\t\t\t<\/label>\n\t\t\t\t\t\t<textarea class=\"elementor-field-textual elementor-field  elementor-size-md\" name=\"form_fields[email]\" id=\"form-field-email\" rows=\"2\" placeholder=\"Detalji va\u0161e narud\u017ebe ili detalji obilaska....\" required=\"required\"><\/textarea>\t\t\t\t<\/div>\n\t\t\t\t\t\t\t\t<div class=\"elementor-field-type-recaptcha_v3 elementor-field-group elementor-column elementor-field-group-field_bb66a5d elementor-col-100 recaptcha_v3-bottomleft\">\n\t\t\t\t\t<div class=\"elementor-field\" id=\"form-field-field_bb66a5d\"><div class=\"elementor-g-recaptcha\" data-sitekey=\"6LdDbogrAAAAAIYT9hUE_fg0xgqvV8QRl0rojvsi\" data-type=\"v3\" data-action=\"Form\" data-badge=\"bottomleft\" data-size=\"invisible\"><\/div><\/div>\t\t\t\t<\/div>\n\t\t\t\t\t\t\t\t<div class=\"elementor-field-group elementor-column elementor-field-type-submit elementor-col-100 e-form__buttons\">\n\t\t\t\t\t<button class=\"elementor-button elementor-size-xl elementor-animation-sink\" type=\"submit\">\n\t\t\t\t\t\t<span class=\"elementor-button-content-wrapper\">\n\t\t\t\t\t\t\t\t\t\t\t\t\t\t\t\t\t\t\t\t\t\t<span class=\"elementor-button-text\">Po\u0161alji<\/span>\n\t\t\t\t\t\t\t\t\t\t\t\t\t<\/span>\n\t\t\t\t\t<\/button>\n\t\t\t\t<\/div>\n\t\t\t<\/div>\n\t\t<\/form>\n\t\t\t\t\t\t<\/div>\n\t\t\t\t<\/div>\n\t\t\t\t<div class=\"elementor-element elementor-element-d5c53ba elementor-widget elementor-widget-spacer\" data-id=\"d5c53ba\" data-element_type=\"widget\" data-e-type=\"widget\" data-widget_type=\"spacer.default\">\n\t\t\t\t<div class=\"elementor-widget-container\">\n\t\t\t\t\t\t\t<div class=\"elementor-spacer\">\n\t\t\t<div class=\"elementor-spacer-inner\"><\/div>\n\t\t<\/div>\n\t\t\t\t\t\t<\/div>\n\t\t\t\t<\/div>\n\t\t\t\t<\/div>\n\t\t\t\t<\/div>\n\t\t\t\t<\/div>\n\t\t\t\t<\/div>\n\t\t","protected":false},"excerpt":{"rendered":"<p>Rezervirajte svoje jedinstveno vinsko iskustvo uz ukusnu hranu i prekrasan krajolik.<\/p>\n","protected":false},"author":1,"featured_media":2188,"parent":0,"menu_order":0,"comment_status":"closed","ping_status":"closed","template":"elementor_header_footer","meta":{"footnotes":""},"class_list":["post-2290","page","type-page","status-publish","has-post-thumbnail","hentry"],"yoast_head":"<!-- This site is optimized with the Yoast SEO plugin v27.0 - https:\/\/yoast.com\/product\/yoast-seo-wordpress\/ -->\n<title>Rezervirajte sada | Gurmanski | Vanjski prostor<\/title>\n<meta name=\"description\" content=\"Rezervirajte svoje jedinstveno iskustvo degustacije vina uz ukusnu hranu i prekrasan krajolik.\" \/>\n<meta name=\"robots\" content=\"index, follow, max-snippet:-1, max-image-preview:large, max-video-preview:-1\" \/>\n<link rel=\"canonical\" href=\"https:\/\/franicwinery.com\/hr\/rezervacije\/\" \/>\n<meta property=\"og:locale\" content=\"hr_HR\" \/>\n<meta property=\"og:type\" content=\"article\" \/>\n<meta property=\"og:title\" content=\"Rezervirajte sada | Gurmanski | Vanjski prostor\" \/>\n<meta property=\"og:description\" content=\"Rezervirajte svoje jedinstveno iskustvo degustacije vina uz ukusnu hranu i prekrasan krajolik.\" \/>\n<meta property=\"og:url\" content=\"https:\/\/franicwinery.com\/hr\/rezervacije\/\" \/>\n<meta property=\"og:site_name\" content=\"Winery Frani\u0107\" \/>\n<meta property=\"article:publisher\" content=\"https:\/\/www.facebook.com\/WineryFranic\" \/>\n<meta property=\"article:modified_time\" content=\"2025-07-21T17:44:48+00:00\" \/>\n<meta property=\"og:image\" content=\"https:\/\/franicwinery.com\/wp-content\/uploads\/2023\/03\/about_hero.webp\" \/>\n\t<meta property=\"og:image:width\" content=\"413\" \/>\n\t<meta property=\"og:image:height\" content=\"413\" \/>\n\t<meta property=\"og:image:type\" content=\"image\/webp\" \/>\n<meta name=\"twitter:card\" content=\"summary_large_image\" \/>\n<script type=\"application\/ld+json\" class=\"yoast-schema-graph\">{\"@context\":\"https:\/\/schema.org\",\"@graph\":[{\"@type\":\"WebPage\",\"@id\":\"https:\/\/franicwinery.com\/hr\/rezervacije\/\",\"url\":\"https:\/\/franicwinery.com\/hr\/rezervacije\/\",\"name\":\"Rezervirajte sada | Gurmanski | Vanjski prostor\",\"isPartOf\":{\"@id\":\"https:\/\/franicwinery.com\/hr\/#website\"},\"primaryImageOfPage\":{\"@id\":\"https:\/\/franicwinery.com\/hr\/rezervacije\/#primaryimage\"},\"image\":{\"@id\":\"https:\/\/franicwinery.com\/hr\/rezervacije\/#primaryimage\"},\"thumbnailUrl\":\"https:\/\/franicwinery.com\/wp-content\/uploads\/2023\/03\/about_hero.webp\",\"datePublished\":\"2023-03-25T16:09:55+00:00\",\"dateModified\":\"2025-07-21T17:44:48+00:00\",\"description\":\"Rezervirajte svoje jedinstveno iskustvo degustacije vina uz ukusnu hranu i prekrasan krajolik.\",\"breadcrumb\":{\"@id\":\"https:\/\/franicwinery.com\/hr\/rezervacije\/#breadcrumb\"},\"inLanguage\":\"hr\",\"potentialAction\":[{\"@type\":\"ReadAction\",\"target\":[\"https:\/\/franicwinery.com\/hr\/rezervacije\/\"]}]},{\"@type\":\"ImageObject\",\"inLanguage\":\"hr\",\"@id\":\"https:\/\/franicwinery.com\/hr\/rezervacije\/#primaryimage\",\"url\":\"https:\/\/franicwinery.com\/wp-content\/uploads\/2023\/03\/about_hero.webp\",\"contentUrl\":\"https:\/\/franicwinery.com\/wp-content\/uploads\/2023\/03\/about_hero.webp\",\"width\":413,\"height\":413,\"caption\":\"Gourmet food and wine\"},{\"@type\":\"BreadcrumbList\",\"@id\":\"https:\/\/franicwinery.com\/hr\/rezervacije\/#breadcrumb\",\"itemListElement\":[{\"@type\":\"ListItem\",\"position\":1,\"name\":\"Home\",\"item\":\"https:\/\/franicwinery.com\/hr\/\"},{\"@type\":\"ListItem\",\"position\":2,\"name\":\"Rezervirajte sada\"}]},{\"@type\":\"WebSite\",\"@id\":\"https:\/\/franicwinery.com\/hr\/#website\",\"url\":\"https:\/\/franicwinery.com\/hr\/\",\"name\":\"Winery Frani\u0107\",\"description\":\"Premium wine and gourmet experience\",\"publisher\":{\"@id\":\"https:\/\/franicwinery.com\/hr\/#organization\"},\"alternateName\":\"Frani\u0107\",\"potentialAction\":[{\"@type\":\"SearchAction\",\"target\":{\"@type\":\"EntryPoint\",\"urlTemplate\":\"https:\/\/franicwinery.com\/hr\/?s={search_term_string}\"},\"query-input\":{\"@type\":\"PropertyValueSpecification\",\"valueRequired\":true,\"valueName\":\"search_term_string\"}}],\"inLanguage\":\"hr\"},{\"@type\":\"Organization\",\"@id\":\"https:\/\/franicwinery.com\/hr\/#organization\",\"name\":\"Winery Frani\u0107\",\"url\":\"https:\/\/franicwinery.com\/hr\/\",\"logo\":{\"@type\":\"ImageObject\",\"inLanguage\":\"hr\",\"@id\":\"https:\/\/franicwinery.com\/hr\/#\/schema\/logo\/image\/\",\"url\":\"https:\/\/franicwinery.com\/wp-content\/uploads\/2025\/05\/winery-logo-crna-pozadina-2.png\",\"contentUrl\":\"https:\/\/franicwinery.com\/wp-content\/uploads\/2025\/05\/winery-logo-crna-pozadina-2.png\",\"width\":500,\"height\":500,\"caption\":\"Winery Frani\u0107\"},\"image\":{\"@id\":\"https:\/\/franicwinery.com\/hr\/#\/schema\/logo\/image\/\"},\"sameAs\":[\"https:\/\/www.facebook.com\/WineryFranic\"]}]}<\/script>\n<!-- \/ Yoast SEO plugin. -->","yoast_head_json":{"title":"Rezervirajte sada | Gurmanski | Vanjski prostor","description":"Rezervirajte svoje jedinstveno iskustvo degustacije vina uz ukusnu hranu i prekrasan krajolik.","robots":{"index":"index","follow":"follow","max-snippet":"max-snippet:-1","max-image-preview":"max-image-preview:large","max-video-preview":"max-video-preview:-1"},"canonical":"https:\/\/franicwinery.com\/hr\/rezervacije\/","og_locale":"hr_HR","og_type":"article","og_title":"Rezervirajte sada | Gurmanski | Vanjski prostor","og_description":"Rezervirajte svoje jedinstveno iskustvo degustacije vina uz ukusnu hranu i prekrasan krajolik.","og_url":"https:\/\/franicwinery.com\/hr\/rezervacije\/","og_site_name":"Winery Frani\u0107","article_publisher":"https:\/\/www.facebook.com\/WineryFranic","article_modified_time":"2025-07-21T17:44:48+00:00","og_image":[{"width":413,"height":413,"url":"https:\/\/franicwinery.com\/wp-content\/uploads\/2023\/03\/about_hero.webp","type":"image\/webp"}],"twitter_card":"summary_large_image","schema":{"@context":"https:\/\/schema.org","@graph":[{"@type":"WebPage","@id":"https:\/\/franicwinery.com\/hr\/rezervacije\/","url":"https:\/\/franicwinery.com\/hr\/rezervacije\/","name":"Rezervirajte sada | Gurmanski | Vanjski prostor","isPartOf":{"@id":"https:\/\/franicwinery.com\/hr\/#website"},"primaryImageOfPage":{"@id":"https:\/\/franicwinery.com\/hr\/rezervacije\/#primaryimage"},"image":{"@id":"https:\/\/franicwinery.com\/hr\/rezervacije\/#primaryimage"},"thumbnailUrl":"https:\/\/franicwinery.com\/wp-content\/uploads\/2023\/03\/about_hero.webp","datePublished":"2023-03-25T16:09:55+00:00","dateModified":"2025-07-21T17:44:48+00:00","description":"Rezervirajte svoje jedinstveno iskustvo degustacije vina uz ukusnu hranu i prekrasan krajolik.","breadcrumb":{"@id":"https:\/\/franicwinery.com\/hr\/rezervacije\/#breadcrumb"},"inLanguage":"hr","potentialAction":[{"@type":"ReadAction","target":["https:\/\/franicwinery.com\/hr\/rezervacije\/"]}]},{"@type":"ImageObject","inLanguage":"hr","@id":"https:\/\/franicwinery.com\/hr\/rezervacije\/#primaryimage","url":"https:\/\/franicwinery.com\/wp-content\/uploads\/2023\/03\/about_hero.webp","contentUrl":"https:\/\/franicwinery.com\/wp-content\/uploads\/2023\/03\/about_hero.webp","width":413,"height":413,"caption":"Gourmet food and wine"},{"@type":"BreadcrumbList","@id":"https:\/\/franicwinery.com\/hr\/rezervacije\/#breadcrumb","itemListElement":[{"@type":"ListItem","position":1,"name":"Home","item":"https:\/\/franicwinery.com\/hr\/"},{"@type":"ListItem","position":2,"name":"Rezervirajte sada"}]},{"@type":"WebSite","@id":"https:\/\/franicwinery.com\/hr\/#website","url":"https:\/\/franicwinery.com\/hr\/","name":"Winery Frani\u0107","description":"Premium wine and gourmet experience","publisher":{"@id":"https:\/\/franicwinery.com\/hr\/#organization"},"alternateName":"Frani\u0107","potentialAction":[{"@type":"SearchAction","target":{"@type":"EntryPoint","urlTemplate":"https:\/\/franicwinery.com\/hr\/?s={search_term_string}"},"query-input":{"@type":"PropertyValueSpecification","valueRequired":true,"valueName":"search_term_string"}}],"inLanguage":"hr"},{"@type":"Organization","@id":"https:\/\/franicwinery.com\/hr\/#organization","name":"Winery Frani\u0107","url":"https:\/\/franicwinery.com\/hr\/","logo":{"@type":"ImageObject","inLanguage":"hr","@id":"https:\/\/franicwinery.com\/hr\/#\/schema\/logo\/image\/","url":"https:\/\/franicwinery.com\/wp-content\/uploads\/2025\/05\/winery-logo-crna-pozadina-2.png","contentUrl":"https:\/\/franicwinery.com\/wp-content\/uploads\/2025\/05\/winery-logo-crna-pozadina-2.png","width":500,"height":500,"caption":"Winery Frani\u0107"},"image":{"@id":"https:\/\/franicwinery.com\/hr\/#\/schema\/logo\/image\/"},"sameAs":["https:\/\/www.facebook.com\/WineryFranic"]}]}},"_links":{"self":[{"href":"https:\/\/franicwinery.com\/hr\/wp-json\/wp\/v2\/pages\/2290","targetHints":{"allow":["GET"]}}],"collection":[{"href":"https:\/\/franicwinery.com\/hr\/wp-json\/wp\/v2\/pages"}],"about":[{"href":"https:\/\/franicwinery.com\/hr\/wp-json\/wp\/v2\/types\/page"}],"author":[{"embeddable":true,"href":"https:\/\/franicwinery.com\/hr\/wp-json\/wp\/v2\/users\/1"}],"replies":[{"embeddable":true,"href":"https:\/\/franicwinery.com\/hr\/wp-json\/wp\/v2\/comments?post=2290"}],"version-history":[{"count":23,"href":"https:\/\/franicwinery.com\/hr\/wp-json\/wp\/v2\/pages\/2290\/revisions"}],"predecessor-version":[{"id":3754,"href":"https:\/\/franicwinery.com\/hr\/wp-json\/wp\/v2\/pages\/2290\/revisions\/3754"}],"wp:featuredmedia":[{"embeddable":true,"href":"https:\/\/franicwinery.com\/hr\/wp-json\/wp\/v2\/media\/2188"}],"wp:attachment":[{"href":"https:\/\/franicwinery.com\/hr\/wp-json\/wp\/v2\/media?parent=2290"}],"curies":[{"name":"wp","href":"https:\/\/api.w.org\/{rel}","templated":true}]}}